{"id":3343,"date":"2019-08-20T11:29:12","date_gmt":"2019-08-20T11:29:12","guid":{"rendered":"https:\/\/ferienhausercostarei.de\/chi-siamo\/"},"modified":"2022-12-16T16:33:41","modified_gmt":"2022-12-16T16:33:41","slug":"wer-wir-sind","status":"publish","type":"page","link":"https:\/\/domus-tour.com\/de\/wer-wir-sind\/","title":{"rendered":"Domus &#038; Tour"},"content":{"rendered":"\n<div class=\"wp-block-columns has-3-columns is-layout-flex wp-container-core-columns-is-layout-28f84493 wp-block-columns-is-layout-flex\">\n<div class=\"wp-block-column is-layout-flow wp-block-column-is-layout-flow\">\n<div class=\"wp-block-getwid-advanced-heading\"><h2 class=\"wp-block-getwid-advanced-heading__content\">Wie sind ein im Jahr 2005 gegr\u00fcndetes Reiseunternehmen<\/h2><\/div>\n<\/div>\n\n\n\n<div class=\"wp-block-column is-layout-flow wp-block-column-is-layout-flow\">\n<p>Wir f\u00f6rdern einen nachhaltigen Tourismus auf der Insel und wenden uns an alle Liebhaber und Freunde Sardiniens: ob Sie nun auf unserer Insel schon \u00f6fters zu Gast waren oder Sardinien zum ersten Mal besuchen. Da wir vor Ort arbeiten, haben wir eine gro\u00dfe Kenntnis der Insel und seiner&nbsp;vielf\u00e4ltigen Unterk\u00fcnfte.&nbsp;Diese Position als Einheimischer gibt uns die M\u00f6glichkeit, immer nach solchen Ferienobjekten zu suchen, die ein gutes Preis-Leistungsverh\u00e4ltnis haben. Mit den Eigent\u00fcmern der Ferienimmobilien stehen wir in&nbsp;engem&nbsp;Kontakt und betreuen sie in jeder Phase&nbsp;der Vermietung.<\/p>\n\n\n\n<p>Zu unserer Firmenphilosophie z\u00e4hlen wir unsere Unabh\u00e4ngigkeit: wir haben keine Werbevertr\u00e4ge oder erhalten Zahlungen von \u00f6rtlichen Touristikanbietern, Restaurants oder Vertragspartnern. Unsere Empfehlung ist stets unabh\u00e4ngig und entsteht aus unserer eigenen Meinung&nbsp;und unseren Erfahrungswerten. Wir m\u00f6chten unseren Kunden das Bewu\u00dftsein vermitteln, da\u00df unsere Angebote ausschlie\u00dflich das sind, was uns selbst gefallen und \u00fcberzeugt hat.<\/p>\n<\/div>\n\n\n\n<div class=\"wp-block-column is-layout-flow wp-block-column-is-layout-flow\">\n<p>Eine unserer wichtigen St\u00e4rken&nbsp;im&nbsp;Angebotes ist es, da\u00df wir die&nbsp;Unterk\u00fcnfte&nbsp;unseres Kataloges regelm\u00e4\u00dfig aufsuchen und auf unsere Standards pr\u00fcfen. Nur so sind wir in der Lage, aktuelle und detaillierte Beschreibungen abzugeben, Detailansichten zu vermitteln und unsere hohen Qualit\u00e4tskriterien zu&nbsp;halten.<\/p>\n\n\n\n<p>Wir sind kein Unternehmen, das den eigenen Internetauftritt ausschlie\u00dflich zu Online-Buchungszwecken nutzt. Wir m\u00f6chten unsere Kunden gerne pers\u00f6nlich kennenlernen, sie beim Namen kennen, Ihnen zuh\u00f6ren und Ihre Anforderungen und Bed\u00fcrfnisse verstehen. Unter diesem Aspekt werden wir unseren anvertrautem Kunden nur eine Offerte anpreisen, wenn wir auch sicher sind, da\u00df das Objekt&nbsp;den&nbsp;Erwartungen entsprechen&nbsp;kann.<\/p>\n\n\n\n<p>Die einzige M\u00f6glichkeit, die wir haben unseren Service zu verbessern, ist unsere Erfahrung und nat\u00fcrlich Ihre Beurteilung, Ihre Vorschl\u00e4ge und Ratschl\u00e4ge. Setzen Sie sich mit uns&nbsp;in Kontakt.<\/p>\n\n\n\n<p><strong>Willkommen&nbsp;auf&nbsp;Sardinien!<\/strong><\/p>\n<\/div>\n<\/div>\n\n\n\n<div style=\"height:20px\" aria-hidden=\"true\" class=\"wp-block-spacer\"><\/div>\n\n\n\n<hr class=\"wp-block-separator has-alpha-channel-opacity\"\/>\n\n\n\n<div style=\"height:20px\" aria-hidden=\"true\" class=\"wp-block-spacer\"><\/div>\n\n\n\n<div class=\"wp-block-columns has-2-columns is-layout-flex wp-container-core-columns-is-layout-28f84493 wp-block-columns-is-layout-flex\">\n<div class=\"wp-block-column is-layout-flow wp-block-column-is-layout-flow\">\n<figure class=\"wp-block-image size-full\"><img loading=\"lazy\" decoding=\"async\" width=\"1000\" height=\"1000\" src=\"https:\/\/domus-tour.com\/wp-content\/uploads\/2022\/11\/Spiaggia-di-Cala-Sinzias-4769-1000.jpg\" alt=\"\" class=\"wp-image-2946\" srcset=\"https:\/\/domus-tour.com\/wp-content\/uploads\/2022\/11\/Spiaggia-di-Cala-Sinzias-4769-1000.jpg 1000w, https:\/\/domus-tour.com\/wp-content\/uploads\/2022\/11\/Spiaggia-di-Cala-Sinzias-4769-1000-300x300.jpg 300w, https:\/\/domus-tour.com\/wp-content\/uploads\/2022\/11\/Spiaggia-di-Cala-Sinzias-4769-1000-100x100.jpg 100w, https:\/\/domus-tour.com\/wp-content\/uploads\/2022\/11\/Spiaggia-di-Cala-Sinzias-4769-1000-600x600.jpg 600w, https:\/\/domus-tour.com\/wp-content\/uploads\/2022\/11\/Spiaggia-di-Cala-Sinzias-4769-1000-150x150.jpg 150w, https:\/\/domus-tour.com\/wp-content\/uploads\/2022\/11\/Spiaggia-di-Cala-Sinzias-4769-1000-768x768.jpg 768w, https:\/\/domus-tour.com\/wp-content\/uploads\/2022\/11\/Spiaggia-di-Cala-Sinzias-4769-1000-892x892.jpg 892w\" sizes=\"auto, (max-width: 1000px) 100vw, 1000px\" \/><figcaption class=\"wp-element-caption\">Einige Ausblicke auf Costa Rei, Cala Sinzias und den Peppino-Felsen<\/figcaption><\/figure>\n<\/div>\n\n\n\n<div class=\"wp-block-column is-layout-flow wp-block-column-is-layout-flow\">\n<figure class=\"wp-block-gallery has-nested-images columns-2 is-cropped wp-block-gallery-1 is-layout-flex wp-block-gallery-is-layout-flex\">\n<figure class=\"wp-block-image size-full\"><img loading=\"lazy\" decoding=\"async\" width=\"500\" height=\"500\" data-id=\"2934\" src=\"https:\/\/domus-tour.com\/wp-content\/uploads\/2022\/11\/Spiaggia-di-Cala-Sinzias-500-500.jpg\" alt=\"\" class=\"wp-image-2934\" srcset=\"https:\/\/domus-tour.com\/wp-content\/uploads\/2022\/11\/Spiaggia-di-Cala-Sinzias-500-500.jpg 500w, https:\/\/domus-tour.com\/wp-content\/uploads\/2022\/11\/Spiaggia-di-Cala-Sinzias-500-500-300x300.jpg 300w, https:\/\/domus-tour.com\/wp-content\/uploads\/2022\/11\/Spiaggia-di-Cala-Sinzias-500-500-100x100.jpg 100w, https:\/\/domus-tour.com\/wp-content\/uploads\/2022\/11\/Spiaggia-di-Cala-Sinzias-500-500-150x150.jpg 150w\" sizes=\"auto, (max-width: 500px) 100vw, 500px\" \/><\/figure>\n\n\n\n<figure class=\"wp-block-image size-full\"><img loading=\"lazy\" decoding=\"async\" width=\"500\" height=\"500\" data-id=\"2940\" src=\"https:\/\/domus-tour.com\/wp-content\/uploads\/2022\/11\/scoglio_di_peppino-5160-500.jpg\" alt=\"\" class=\"wp-image-2940\" srcset=\"https:\/\/domus-tour.com\/wp-content\/uploads\/2022\/11\/scoglio_di_peppino-5160-500.jpg 500w, https:\/\/domus-tour.com\/wp-content\/uploads\/2022\/11\/scoglio_di_peppino-5160-500-300x300.jpg 300w, https:\/\/domus-tour.com\/wp-content\/uploads\/2022\/11\/scoglio_di_peppino-5160-500-100x100.jpg 100w, https:\/\/domus-tour.com\/wp-content\/uploads\/2022\/11\/scoglio_di_peppino-5160-500-150x150.jpg 150w\" sizes=\"auto, (max-width: 500px) 100vw, 500px\" \/><\/figure>\n\n\n\n<figure class=\"wp-block-image size-full\"><img loading=\"lazy\" decoding=\"async\" width=\"500\" height=\"500\" data-id=\"2937\" src=\"https:\/\/domus-tour.com\/wp-content\/uploads\/2022\/11\/Spiaggia-di-Cala-Sinzias-5055-500.jpg\" alt=\"\" class=\"wp-image-2937\" srcset=\"https:\/\/domus-tour.com\/wp-content\/uploads\/2022\/11\/Spiaggia-di-Cala-Sinzias-5055-500.jpg 500w, https:\/\/domus-tour.com\/wp-content\/uploads\/2022\/11\/Spiaggia-di-Cala-Sinzias-5055-500-300x300.jpg 300w, https:\/\/domus-tour.com\/wp-content\/uploads\/2022\/11\/Spiaggia-di-Cala-Sinzias-5055-500-100x100.jpg 100w, https:\/\/domus-tour.com\/wp-content\/uploads\/2022\/11\/Spiaggia-di-Cala-Sinzias-5055-500-150x150.jpg 150w\" sizes=\"auto, (max-width: 500px) 100vw, 500px\" \/><\/figure>\n\n\n\n<figure class=\"wp-block-image size-full\"><img loading=\"lazy\" decoding=\"async\" width=\"500\" height=\"500\" data-id=\"2943\" src=\"https:\/\/domus-tour.com\/wp-content\/uploads\/2022\/11\/costa-rei-1375-500.jpg\" alt=\"\" class=\"wp-image-2943\" srcset=\"https:\/\/domus-tour.com\/wp-content\/uploads\/2022\/11\/costa-rei-1375-500.jpg 500w, https:\/\/domus-tour.com\/wp-content\/uploads\/2022\/11\/costa-rei-1375-500-300x300.jpg 300w, https:\/\/domus-tour.com\/wp-content\/uploads\/2022\/11\/costa-rei-1375-500-100x100.jpg 100w, https:\/\/domus-tour.com\/wp-content\/uploads\/2022\/11\/costa-rei-1375-500-150x150.jpg 150w\" sizes=\"auto, (max-width: 500px) 100vw, 500px\" \/><\/figure>\n<\/figure>\n<\/div>\n<\/div>\n\n\n\n<div style=\"height:20px\" aria-hidden=\"true\" class=\"wp-block-spacer\"><\/div>\n\n\n\n<hr class=\"wp-block-separator has-alpha-channel-opacity\"\/>\n","protected":false},"excerpt":{"rendered":"<p>Wie sind ein im Jahr 2005 gegr\u00fcndetes Reiseunternehmen, das vor Ort t\u00e4tig ist und von Menschen gef\u00fchrt wird, die eine gro\u00dfe Leidenschaft f\u00fcr Ihre Arbeit aufbringen und eine tief verwurzelte Verbundenheit zur au\u00dferordentlichen Sch\u00f6nheit der Insel Sardinien haben. Wir handeln im tiefen Bewu\u00dftsein ihrer nat\u00fcrlichen Ressourcen, ihrer Gesichte und kulturellen Aspekte.<\/p>\n","protected":false},"author":2,"featured_media":0,"parent":0,"menu_order":0,"comment_status":"closed","ping_status":"closed","template":"template-wide-page.php","meta":{"inline_featured_image":false,"footnotes":""},"class_list":["post-3343","page","type-page","status-publish","hentry"],"yoast_head":"<!-- This site is optimized with the Yoast SEO plugin v27.3 - https:\/\/yoast.com\/product\/yoast-seo-wordpress\/ -->\n<title>Domus &amp; Tour, chi siamo - Domus&amp;Tour, Ville, Appartamenti e Case vacanza a Costa Rei<\/title>\n<meta name=\"description\" content=\"Siamo una societ\u00e0 di servizi turistici nata nel 2005, formata da persone che hanno passione per una terra di straordinaria bellezza.\" \/>\n<meta name=\"robots\" content=\"index, follow, max-snippet:-1, max-image-preview:large, max-video-preview:-1\" \/>\n<link rel=\"canonical\" href=\"https:\/\/domus-tour.com\/de\/wer-wir-sind\/\" \/>\n<meta property=\"og:locale\" content=\"de_DE\" \/>\n<meta property=\"og:type\" content=\"article\" \/>\n<meta property=\"og:title\" content=\"Domus &amp; Tour, chi siamo - Domus&amp;Tour, Ville, Appartamenti e Case vacanza a Costa Rei\" \/>\n<meta property=\"og:description\" content=\"Siamo una societ\u00e0 di servizi turistici nata nel 2005, formata da persone che hanno passione per una terra di straordinaria bellezza.\" \/>\n<meta property=\"og:url\" content=\"https:\/\/domus-tour.com\/de\/wer-wir-sind\/\" \/>\n<meta property=\"og:site_name\" content=\"Domus&amp;Tour, Ville, Appartamenti e Case vacanza a Costa Rei\" \/>\n<meta property=\"article:modified_time\" content=\"2022-12-16T16:33:41+00:00\" \/>\n<meta property=\"og:image\" content=\"https:\/\/domus-tour.com\/wp-content\/uploads\/2022\/11\/Spiaggia-di-Cala-Sinzias-4769-1000.jpg\" \/>\n<meta name=\"twitter:card\" content=\"summary_large_image\" \/>\n<meta name=\"twitter:label1\" content=\"Gesch\u00e4tzte Lesezeit\" \/>\n\t<meta name=\"twitter:data1\" content=\"3\u00a0Minuten\" \/>\n<script type=\"application\/ld+json\" class=\"yoast-schema-graph\">{\"@context\":\"https:\\\/\\\/schema.org\",\"@graph\":[{\"@type\":\"WebPage\",\"@id\":\"https:\\\/\\\/domus-tour.com\\\/de\\\/wer-wir-sind\\\/\",\"url\":\"https:\\\/\\\/domus-tour.com\\\/de\\\/wer-wir-sind\\\/\",\"name\":\"Domus & Tour, chi siamo - Domus&amp;Tour, Ville, Appartamenti e Case vacanza a Costa Rei\",\"isPartOf\":{\"@id\":\"https:\\\/\\\/domus-tour.com\\\/de\\\/#website\"},\"primaryImageOfPage\":{\"@id\":\"https:\\\/\\\/domus-tour.com\\\/de\\\/wer-wir-sind\\\/#primaryimage\"},\"image\":{\"@id\":\"https:\\\/\\\/domus-tour.com\\\/de\\\/wer-wir-sind\\\/#primaryimage\"},\"thumbnailUrl\":\"https:\\\/\\\/domus-tour.com\\\/wp-content\\\/uploads\\\/2022\\\/11\\\/Spiaggia-di-Cala-Sinzias-4769-1000.jpg\",\"datePublished\":\"2019-08-20T11:29:12+00:00\",\"dateModified\":\"2022-12-16T16:33:41+00:00\",\"description\":\"Siamo una societ\u00e0 di servizi turistici nata nel 2005, formata da persone che hanno passione per una terra di straordinaria bellezza.\",\"breadcrumb\":{\"@id\":\"https:\\\/\\\/domus-tour.com\\\/de\\\/wer-wir-sind\\\/#breadcrumb\"},\"inLanguage\":\"de\",\"potentialAction\":[{\"@type\":\"ReadAction\",\"target\":[\"https:\\\/\\\/domus-tour.com\\\/de\\\/wer-wir-sind\\\/\"]}]},{\"@type\":\"ImageObject\",\"inLanguage\":\"de\",\"@id\":\"https:\\\/\\\/domus-tour.com\\\/de\\\/wer-wir-sind\\\/#primaryimage\",\"url\":\"https:\\\/\\\/domus-tour.com\\\/wp-content\\\/uploads\\\/2022\\\/11\\\/Spiaggia-di-Cala-Sinzias-4769-1000.jpg\",\"contentUrl\":\"https:\\\/\\\/domus-tour.com\\\/wp-content\\\/uploads\\\/2022\\\/11\\\/Spiaggia-di-Cala-Sinzias-4769-1000.jpg\"},{\"@type\":\"BreadcrumbList\",\"@id\":\"https:\\\/\\\/domus-tour.com\\\/de\\\/wer-wir-sind\\\/#breadcrumb\",\"itemListElement\":[{\"@type\":\"ListItem\",\"position\":1,\"name\":\"Home\",\"item\":\"https:\\\/\\\/domus-tour.com\\\/de\\\/\"},{\"@type\":\"ListItem\",\"position\":2,\"name\":\"Domus &#038; Tour\"}]},{\"@type\":\"WebSite\",\"@id\":\"https:\\\/\\\/domus-tour.com\\\/de\\\/#website\",\"url\":\"https:\\\/\\\/domus-tour.com\\\/de\\\/\",\"name\":\"Domus&amp;Tour, Ville, Appartamenti e Case vacanza a Costa Rei\",\"description\":\"La Sardegna \u00e8 la nostra passione\",\"publisher\":{\"@id\":\"https:\\\/\\\/domus-tour.com\\\/de\\\/#organization\"},\"potentialAction\":[{\"@type\":\"SearchAction\",\"target\":{\"@type\":\"EntryPoint\",\"urlTemplate\":\"https:\\\/\\\/domus-tour.com\\\/de\\\/?s={search_term_string}\"},\"query-input\":{\"@type\":\"PropertyValueSpecification\",\"valueRequired\":true,\"valueName\":\"search_term_string\"}}],\"inLanguage\":\"de\"},{\"@type\":\"Organization\",\"@id\":\"https:\\\/\\\/domus-tour.com\\\/de\\\/#organization\",\"name\":\"Domus&amp;Tour, Ville, Appartamenti e Case vacanza a Costa Rei\",\"url\":\"https:\\\/\\\/domus-tour.com\\\/de\\\/\",\"logo\":{\"@type\":\"ImageObject\",\"inLanguage\":\"de\",\"@id\":\"https:\\\/\\\/domus-tour.com\\\/de\\\/#\\\/schema\\\/logo\\\/image\\\/\",\"url\":\"https:\\\/\\\/domus-tour.com\\\/wp-content\\\/uploads\\\/2022\\\/11\\\/cropped-cropped-domus-tour-390-90-1-1.png\",\"contentUrl\":\"https:\\\/\\\/domus-tour.com\\\/wp-content\\\/uploads\\\/2022\\\/11\\\/cropped-cropped-domus-tour-390-90-1-1.png\",\"width\":391,\"height\":90,\"caption\":\"Domus&amp;Tour, Ville, Appartamenti e Case vacanza a Costa Rei\"},\"image\":{\"@id\":\"https:\\\/\\\/domus-tour.com\\\/de\\\/#\\\/schema\\\/logo\\\/image\\\/\"}}]}<\/script>\n<!-- \/ Yoast SEO plugin. -->","yoast_head_json":{"title":"Domus & Tour, chi siamo - Domus&amp;Tour, Ville, Appartamenti e Case vacanza a Costa Rei","description":"Siamo una societ\u00e0 di servizi turistici nata nel 2005, formata da persone che hanno passione per una terra di straordinaria bellezza.","robots":{"index":"index","follow":"follow","max-snippet":"max-snippet:-1","max-image-preview":"max-image-preview:large","max-video-preview":"max-video-preview:-1"},"canonical":"https:\/\/domus-tour.com\/de\/wer-wir-sind\/","og_locale":"de_DE","og_type":"article","og_title":"Domus & Tour, chi siamo - Domus&amp;Tour, Ville, Appartamenti e Case vacanza a Costa Rei","og_description":"Siamo una societ\u00e0 di servizi turistici nata nel 2005, formata da persone che hanno passione per una terra di straordinaria bellezza.","og_url":"https:\/\/domus-tour.com\/de\/wer-wir-sind\/","og_site_name":"Domus&amp;Tour, Ville, Appartamenti e Case vacanza a Costa Rei","article_modified_time":"2022-12-16T16:33:41+00:00","og_image":[{"url":"https:\/\/domus-tour.com\/wp-content\/uploads\/2022\/11\/Spiaggia-di-Cala-Sinzias-4769-1000.jpg","type":"","width":"","height":""}],"twitter_card":"summary_large_image","twitter_misc":{"Gesch\u00e4tzte Lesezeit":"3\u00a0Minuten"},"schema":{"@context":"https:\/\/schema.org","@graph":[{"@type":"WebPage","@id":"https:\/\/domus-tour.com\/de\/wer-wir-sind\/","url":"https:\/\/domus-tour.com\/de\/wer-wir-sind\/","name":"Domus & Tour, chi siamo - Domus&amp;Tour, Ville, Appartamenti e Case vacanza a Costa Rei","isPartOf":{"@id":"https:\/\/domus-tour.com\/de\/#website"},"primaryImageOfPage":{"@id":"https:\/\/domus-tour.com\/de\/wer-wir-sind\/#primaryimage"},"image":{"@id":"https:\/\/domus-tour.com\/de\/wer-wir-sind\/#primaryimage"},"thumbnailUrl":"https:\/\/domus-tour.com\/wp-content\/uploads\/2022\/11\/Spiaggia-di-Cala-Sinzias-4769-1000.jpg","datePublished":"2019-08-20T11:29:12+00:00","dateModified":"2022-12-16T16:33:41+00:00","description":"Siamo una societ\u00e0 di servizi turistici nata nel 2005, formata da persone che hanno passione per una terra di straordinaria bellezza.","breadcrumb":{"@id":"https:\/\/domus-tour.com\/de\/wer-wir-sind\/#breadcrumb"},"inLanguage":"de","potentialAction":[{"@type":"ReadAction","target":["https:\/\/domus-tour.com\/de\/wer-wir-sind\/"]}]},{"@type":"ImageObject","inLanguage":"de","@id":"https:\/\/domus-tour.com\/de\/wer-wir-sind\/#primaryimage","url":"https:\/\/domus-tour.com\/wp-content\/uploads\/2022\/11\/Spiaggia-di-Cala-Sinzias-4769-1000.jpg","contentUrl":"https:\/\/domus-tour.com\/wp-content\/uploads\/2022\/11\/Spiaggia-di-Cala-Sinzias-4769-1000.jpg"},{"@type":"BreadcrumbList","@id":"https:\/\/domus-tour.com\/de\/wer-wir-sind\/#breadcrumb","itemListElement":[{"@type":"ListItem","position":1,"name":"Home","item":"https:\/\/domus-tour.com\/de\/"},{"@type":"ListItem","position":2,"name":"Domus &#038; Tour"}]},{"@type":"WebSite","@id":"https:\/\/domus-tour.com\/de\/#website","url":"https:\/\/domus-tour.com\/de\/","name":"Domus&amp;Tour, Ville, Appartamenti e Case vacanza a Costa Rei","description":"La Sardegna \u00e8 la nostra passione","publisher":{"@id":"https:\/\/domus-tour.com\/de\/#organization"},"potentialAction":[{"@type":"SearchAction","target":{"@type":"EntryPoint","urlTemplate":"https:\/\/domus-tour.com\/de\/?s={search_term_string}"},"query-input":{"@type":"PropertyValueSpecification","valueRequired":true,"valueName":"search_term_string"}}],"inLanguage":"de"},{"@type":"Organization","@id":"https:\/\/domus-tour.com\/de\/#organization","name":"Domus&amp;Tour, Ville, Appartamenti e Case vacanza a Costa Rei","url":"https:\/\/domus-tour.com\/de\/","logo":{"@type":"ImageObject","inLanguage":"de","@id":"https:\/\/domus-tour.com\/de\/#\/schema\/logo\/image\/","url":"https:\/\/domus-tour.com\/wp-content\/uploads\/2022\/11\/cropped-cropped-domus-tour-390-90-1-1.png","contentUrl":"https:\/\/domus-tour.com\/wp-content\/uploads\/2022\/11\/cropped-cropped-domus-tour-390-90-1-1.png","width":391,"height":90,"caption":"Domus&amp;Tour, Ville, Appartamenti e Case vacanza a Costa Rei"},"image":{"@id":"https:\/\/domus-tour.com\/de\/#\/schema\/logo\/image\/"}}]}},"_links":{"self":[{"href":"https:\/\/domus-tour.com\/de\/wp-json\/wp\/v2\/pages\/3343","targetHints":{"allow":["GET"]}}],"collection":[{"href":"https:\/\/domus-tour.com\/de\/wp-json\/wp\/v2\/pages"}],"about":[{"href":"https:\/\/domus-tour.com\/de\/wp-json\/wp\/v2\/types\/page"}],"author":[{"embeddable":true,"href":"https:\/\/domus-tour.com\/de\/wp-json\/wp\/v2\/users\/2"}],"replies":[{"embeddable":true,"href":"https:\/\/domus-tour.com\/de\/wp-json\/wp\/v2\/comments?post=3343"}],"version-history":[{"count":3,"href":"https:\/\/domus-tour.com\/de\/wp-json\/wp\/v2\/pages\/3343\/revisions"}],"predecessor-version":[{"id":3642,"href":"https:\/\/domus-tour.com\/de\/wp-json\/wp\/v2\/pages\/3343\/revisions\/3642"}],"wp:attachment":[{"href":"https:\/\/domus-tour.com\/de\/wp-json\/wp\/v2\/media?parent=3343"}],"curies":[{"name":"wp","href":"https:\/\/api.w.org\/{rel}","templated":true}]}}