{"id":3299,"date":"2022-12-01T10:26:14","date_gmt":"2022-12-01T10:26:14","guid":{"rendered":"https:\/\/ferienhausercostarei.de\/arrivare-in-sardegna\/"},"modified":"2022-12-01T10:54:44","modified_gmt":"2022-12-01T10:54:44","slug":"anreise-auf-sardinien","status":"publish","type":"page","link":"https:\/\/domus-tour.com\/de\/anreise-auf-sardinien\/","title":{"rendered":"Anreise auf Sardinien"},"content":{"rendered":"\n<p>Es gibt&nbsp;das ganze Jahr \u00fcber&nbsp;zahlreiche M\u00f6glichkeiten Sardinien zu erreichen. Dank der \u201eLow&nbsp;Cost\u201c Fluggesellschaften kann man die Insel verh\u00e4ltnism\u00e4\u00dfig g\u00fcnstig erreichen.<br>Auch die F\u00e4hrgesellschaften bieten interessante Angebote, bei der&nbsp;das Auto bei der \u00dcberfahrt&nbsp;nahezu kostenlos&nbsp;mitreist. &nbsp;<\/p>\n\n\n\n<p>Unserer Firmenphilosophie folgend bieten wir diese Zusatzdienstleistungen nicht&nbsp;direkt&nbsp;an, da unser Portal einfach und schlicht gehalten werden soll. Dank Internet ist es nunmehr m\u00f6glich, Onlineanbieter und Fluggesellschaften direkt&nbsp;und einfach zu erreichen,&nbsp;Verf\u00fcgbarkeiten zu \u00fcberpr\u00fcfen, Kostenvoranschl\u00e4ge&nbsp;zugesandt&nbsp;zu bekommen und innerhalb weniger Mausklicks zu buchen. Dies alles bietet&nbsp;Ihnen&nbsp;eine erhebliche Zeitersparnis ohne&nbsp;da\u00df Sie&nbsp;zus\u00e4tzliche Kosten f\u00fcr den Reiseveranstalter&nbsp;einplanen m\u00fcssen.<\/p>\n\n\n\n<h2 class=\"wp-block-heading\">Prenota direttamente qui il tuo traghetto<\/h2>\n\n\n<p><iframe loading=\"lazy\" id=\"traghettiper\" style=\"padding-bottom: 30px;\" src=\"https:\/\/responsive.traghettiper.it\/?marea=S&amp;portal=563&amp;affiliate=TP1448&amp;locale=de\" width=\"100%\" height=\"1000\" frameborder=\"0\" align=\"center\"><\/iframe><br \/><script src=\"https:\/\/responsive.traghettiper.it\/js\/resizer.js\"><\/script><\/p>","protected":false},"excerpt":{"rendered":"<p>Es gibt&nbsp;das ganze Jahr \u00fcber&nbsp;zahlreiche M\u00f6glichkeiten Sardinien zu erreichen. Dank der \u201eLow&nbsp;Cost\u201c Fluggesellschaften kann man die Insel verh\u00e4ltnism\u00e4\u00dfig g\u00fcnstig erreichen.Auch die F\u00e4hrgesellschaften bieten interessante Angebote, bei der&nbsp;das Auto bei der \u00dcberfahrt&nbsp;nahezu kostenlos&nbsp;mitreist. &nbsp; Unserer Firmenphilosophie folgend bieten wir diese Zusatzdienstleistungen nicht&nbsp;direkt&nbsp;an, da unser Portal einfach und schlicht gehalten werden soll. Dank Internet ist es nunmehr [&hellip;]<\/p>\n","protected":false},"author":2,"featured_media":3286,"parent":0,"menu_order":0,"comment_status":"closed","ping_status":"closed","template":"","meta":{"inline_featured_image":false,"footnotes":""},"class_list":["post-3299","page","type-page","status-publish","has-post-thumbnail","hentry"],"yoast_head":"<!-- This site is optimized with the Yoast SEO plugin v27.3 - https:\/\/yoast.com\/product\/yoast-seo-wordpress\/ -->\n<title>Anreise auf Sardinien - Domus&amp;Tour, Ville, Appartamenti e Case vacanza a Costa Rei<\/title>\n<meta name=\"robots\" content=\"index, follow, max-snippet:-1, max-image-preview:large, max-video-preview:-1\" \/>\n<link rel=\"canonical\" href=\"https:\/\/domus-tour.com\/de\/anreise-auf-sardinien\/\" \/>\n<meta property=\"og:locale\" content=\"de_DE\" \/>\n<meta property=\"og:type\" content=\"article\" \/>\n<meta property=\"og:title\" content=\"Anreise auf Sardinien - Domus&amp;Tour, Ville, Appartamenti e Case vacanza a Costa Rei\" \/>\n<meta property=\"og:description\" content=\"Es gibt&nbsp;das ganze Jahr \u00fcber&nbsp;zahlreiche M\u00f6glichkeiten Sardinien zu erreichen. Dank der \u201eLow&nbsp;Cost\u201c Fluggesellschaften kann man die Insel verh\u00e4ltnism\u00e4\u00dfig g\u00fcnstig erreichen.Auch die F\u00e4hrgesellschaften bieten interessante Angebote, bei der&nbsp;das Auto bei der \u00dcberfahrt&nbsp;nahezu kostenlos&nbsp;mitreist. &nbsp; Unserer Firmenphilosophie folgend bieten wir diese Zusatzdienstleistungen nicht&nbsp;direkt&nbsp;an, da unser Portal einfach und schlicht gehalten werden soll. Dank Internet ist es nunmehr [&hellip;]\" \/>\n<meta property=\"og:url\" content=\"https:\/\/domus-tour.com\/de\/anreise-auf-sardinien\/\" \/>\n<meta property=\"og:site_name\" content=\"Domus&amp;Tour, Ville, Appartamenti e Case vacanza a Costa Rei\" \/>\n<meta property=\"article:modified_time\" content=\"2022-12-01T10:54:44+00:00\" \/>\n<meta property=\"og:image\" content=\"https:\/\/domus-tour.com\/wp-content\/uploads\/2022\/12\/come-arrivare-in-sardegna.jpg\" \/>\n\t<meta property=\"og:image:width\" content=\"1600\" \/>\n\t<meta property=\"og:image:height\" content=\"639\" \/>\n\t<meta property=\"og:image:type\" content=\"image\/jpeg\" \/>\n<meta name=\"twitter:card\" content=\"summary_large_image\" \/>\n<meta name=\"twitter:label1\" content=\"Gesch\u00e4tzte Lesezeit\" \/>\n\t<meta name=\"twitter:data1\" content=\"1\u00a0Minute\" \/>\n<script type=\"application\/ld+json\" class=\"yoast-schema-graph\">{\"@context\":\"https:\\\/\\\/schema.org\",\"@graph\":[{\"@type\":\"WebPage\",\"@id\":\"https:\\\/\\\/domus-tour.com\\\/de\\\/anreise-auf-sardinien\\\/\",\"url\":\"https:\\\/\\\/domus-tour.com\\\/de\\\/anreise-auf-sardinien\\\/\",\"name\":\"Anreise auf Sardinien - Domus&amp;Tour, Ville, Appartamenti e Case vacanza a Costa Rei\",\"isPartOf\":{\"@id\":\"https:\\\/\\\/domus-tour.com\\\/de\\\/#website\"},\"primaryImageOfPage\":{\"@id\":\"https:\\\/\\\/domus-tour.com\\\/de\\\/anreise-auf-sardinien\\\/#primaryimage\"},\"image\":{\"@id\":\"https:\\\/\\\/domus-tour.com\\\/de\\\/anreise-auf-sardinien\\\/#primaryimage\"},\"thumbnailUrl\":\"https:\\\/\\\/domus-tour.com\\\/wp-content\\\/uploads\\\/2022\\\/12\\\/come-arrivare-in-sardegna.jpg\",\"datePublished\":\"2022-12-01T10:26:14+00:00\",\"dateModified\":\"2022-12-01T10:54:44+00:00\",\"breadcrumb\":{\"@id\":\"https:\\\/\\\/domus-tour.com\\\/de\\\/anreise-auf-sardinien\\\/#breadcrumb\"},\"inLanguage\":\"de\",\"potentialAction\":[{\"@type\":\"ReadAction\",\"target\":[\"https:\\\/\\\/domus-tour.com\\\/de\\\/anreise-auf-sardinien\\\/\"]}]},{\"@type\":\"ImageObject\",\"inLanguage\":\"de\",\"@id\":\"https:\\\/\\\/domus-tour.com\\\/de\\\/anreise-auf-sardinien\\\/#primaryimage\",\"url\":\"https:\\\/\\\/domus-tour.com\\\/wp-content\\\/uploads\\\/2022\\\/12\\\/come-arrivare-in-sardegna.jpg\",\"contentUrl\":\"https:\\\/\\\/domus-tour.com\\\/wp-content\\\/uploads\\\/2022\\\/12\\\/come-arrivare-in-sardegna.jpg\",\"width\":1600,\"height\":639,\"caption\":\"Appartamenti, Ville e Case vacanze a Costa Rei. Domus & Tour - Come arrivare in Sardegna\"},{\"@type\":\"BreadcrumbList\",\"@id\":\"https:\\\/\\\/domus-tour.com\\\/de\\\/anreise-auf-sardinien\\\/#breadcrumb\",\"itemListElement\":[{\"@type\":\"ListItem\",\"position\":1,\"name\":\"Home\",\"item\":\"https:\\\/\\\/domus-tour.com\\\/de\\\/\"},{\"@type\":\"ListItem\",\"position\":2,\"name\":\"Anreise auf Sardinien\"}]},{\"@type\":\"WebSite\",\"@id\":\"https:\\\/\\\/domus-tour.com\\\/de\\\/#website\",\"url\":\"https:\\\/\\\/domus-tour.com\\\/de\\\/\",\"name\":\"Domus&amp;Tour, Ville, Appartamenti e Case vacanza a Costa Rei\",\"description\":\"La Sardegna \u00e8 la nostra passione\",\"publisher\":{\"@id\":\"https:\\\/\\\/domus-tour.com\\\/de\\\/#organization\"},\"potentialAction\":[{\"@type\":\"SearchAction\",\"target\":{\"@type\":\"EntryPoint\",\"urlTemplate\":\"https:\\\/\\\/domus-tour.com\\\/de\\\/?s={search_term_string}\"},\"query-input\":{\"@type\":\"PropertyValueSpecification\",\"valueRequired\":true,\"valueName\":\"search_term_string\"}}],\"inLanguage\":\"de\"},{\"@type\":\"Organization\",\"@id\":\"https:\\\/\\\/domus-tour.com\\\/de\\\/#organization\",\"name\":\"Domus&amp;Tour, Ville, Appartamenti e Case vacanza a Costa Rei\",\"url\":\"https:\\\/\\\/domus-tour.com\\\/de\\\/\",\"logo\":{\"@type\":\"ImageObject\",\"inLanguage\":\"de\",\"@id\":\"https:\\\/\\\/domus-tour.com\\\/de\\\/#\\\/schema\\\/logo\\\/image\\\/\",\"url\":\"https:\\\/\\\/domus-tour.com\\\/wp-content\\\/uploads\\\/2022\\\/11\\\/cropped-cropped-domus-tour-390-90-1-1.png\",\"contentUrl\":\"https:\\\/\\\/domus-tour.com\\\/wp-content\\\/uploads\\\/2022\\\/11\\\/cropped-cropped-domus-tour-390-90-1-1.png\",\"width\":391,\"height\":90,\"caption\":\"Domus&amp;Tour, Ville, Appartamenti e Case vacanza a Costa Rei\"},\"image\":{\"@id\":\"https:\\\/\\\/domus-tour.com\\\/de\\\/#\\\/schema\\\/logo\\\/image\\\/\"}}]}<\/script>\n<!-- \/ Yoast SEO plugin. -->","yoast_head_json":{"title":"Anreise auf Sardinien - Domus&amp;Tour, Ville, Appartamenti e Case vacanza a Costa Rei","robots":{"index":"index","follow":"follow","max-snippet":"max-snippet:-1","max-image-preview":"max-image-preview:large","max-video-preview":"max-video-preview:-1"},"canonical":"https:\/\/domus-tour.com\/de\/anreise-auf-sardinien\/","og_locale":"de_DE","og_type":"article","og_title":"Anreise auf Sardinien - Domus&amp;Tour, Ville, Appartamenti e Case vacanza a Costa Rei","og_description":"Es gibt&nbsp;das ganze Jahr \u00fcber&nbsp;zahlreiche M\u00f6glichkeiten Sardinien zu erreichen. Dank der \u201eLow&nbsp;Cost\u201c Fluggesellschaften kann man die Insel verh\u00e4ltnism\u00e4\u00dfig g\u00fcnstig erreichen.Auch die F\u00e4hrgesellschaften bieten interessante Angebote, bei der&nbsp;das Auto bei der \u00dcberfahrt&nbsp;nahezu kostenlos&nbsp;mitreist. &nbsp; Unserer Firmenphilosophie folgend bieten wir diese Zusatzdienstleistungen nicht&nbsp;direkt&nbsp;an, da unser Portal einfach und schlicht gehalten werden soll. Dank Internet ist es nunmehr [&hellip;]","og_url":"https:\/\/domus-tour.com\/de\/anreise-auf-sardinien\/","og_site_name":"Domus&amp;Tour, Ville, Appartamenti e Case vacanza a Costa Rei","article_modified_time":"2022-12-01T10:54:44+00:00","og_image":[{"width":1600,"height":639,"url":"https:\/\/domus-tour.com\/wp-content\/uploads\/2022\/12\/come-arrivare-in-sardegna.jpg","type":"image\/jpeg"}],"twitter_card":"summary_large_image","twitter_misc":{"Gesch\u00e4tzte Lesezeit":"1\u00a0Minute"},"schema":{"@context":"https:\/\/schema.org","@graph":[{"@type":"WebPage","@id":"https:\/\/domus-tour.com\/de\/anreise-auf-sardinien\/","url":"https:\/\/domus-tour.com\/de\/anreise-auf-sardinien\/","name":"Anreise auf Sardinien - Domus&amp;Tour, Ville, Appartamenti e Case vacanza a Costa Rei","isPartOf":{"@id":"https:\/\/domus-tour.com\/de\/#website"},"primaryImageOfPage":{"@id":"https:\/\/domus-tour.com\/de\/anreise-auf-sardinien\/#primaryimage"},"image":{"@id":"https:\/\/domus-tour.com\/de\/anreise-auf-sardinien\/#primaryimage"},"thumbnailUrl":"https:\/\/domus-tour.com\/wp-content\/uploads\/2022\/12\/come-arrivare-in-sardegna.jpg","datePublished":"2022-12-01T10:26:14+00:00","dateModified":"2022-12-01T10:54:44+00:00","breadcrumb":{"@id":"https:\/\/domus-tour.com\/de\/anreise-auf-sardinien\/#breadcrumb"},"inLanguage":"de","potentialAction":[{"@type":"ReadAction","target":["https:\/\/domus-tour.com\/de\/anreise-auf-sardinien\/"]}]},{"@type":"ImageObject","inLanguage":"de","@id":"https:\/\/domus-tour.com\/de\/anreise-auf-sardinien\/#primaryimage","url":"https:\/\/domus-tour.com\/wp-content\/uploads\/2022\/12\/come-arrivare-in-sardegna.jpg","contentUrl":"https:\/\/domus-tour.com\/wp-content\/uploads\/2022\/12\/come-arrivare-in-sardegna.jpg","width":1600,"height":639,"caption":"Appartamenti, Ville e Case vacanze a Costa Rei. Domus & Tour - Come arrivare in Sardegna"},{"@type":"BreadcrumbList","@id":"https:\/\/domus-tour.com\/de\/anreise-auf-sardinien\/#breadcrumb","itemListElement":[{"@type":"ListItem","position":1,"name":"Home","item":"https:\/\/domus-tour.com\/de\/"},{"@type":"ListItem","position":2,"name":"Anreise auf Sardinien"}]},{"@type":"WebSite","@id":"https:\/\/domus-tour.com\/de\/#website","url":"https:\/\/domus-tour.com\/de\/","name":"Domus&amp;Tour, Ville, Appartamenti e Case vacanza a Costa Rei","description":"La Sardegna \u00e8 la nostra passione","publisher":{"@id":"https:\/\/domus-tour.com\/de\/#organization"},"potentialAction":[{"@type":"SearchAction","target":{"@type":"EntryPoint","urlTemplate":"https:\/\/domus-tour.com\/de\/?s={search_term_string}"},"query-input":{"@type":"PropertyValueSpecification","valueRequired":true,"valueName":"search_term_string"}}],"inLanguage":"de"},{"@type":"Organization","@id":"https:\/\/domus-tour.com\/de\/#organization","name":"Domus&amp;Tour, Ville, Appartamenti e Case vacanza a Costa Rei","url":"https:\/\/domus-tour.com\/de\/","logo":{"@type":"ImageObject","inLanguage":"de","@id":"https:\/\/domus-tour.com\/de\/#\/schema\/logo\/image\/","url":"https:\/\/domus-tour.com\/wp-content\/uploads\/2022\/11\/cropped-cropped-domus-tour-390-90-1-1.png","contentUrl":"https:\/\/domus-tour.com\/wp-content\/uploads\/2022\/11\/cropped-cropped-domus-tour-390-90-1-1.png","width":391,"height":90,"caption":"Domus&amp;Tour, Ville, Appartamenti e Case vacanza a Costa Rei"},"image":{"@id":"https:\/\/domus-tour.com\/de\/#\/schema\/logo\/image\/"}}]}},"_links":{"self":[{"href":"https:\/\/domus-tour.com\/de\/wp-json\/wp\/v2\/pages\/3299","targetHints":{"allow":["GET"]}}],"collection":[{"href":"https:\/\/domus-tour.com\/de\/wp-json\/wp\/v2\/pages"}],"about":[{"href":"https:\/\/domus-tour.com\/de\/wp-json\/wp\/v2\/types\/page"}],"author":[{"embeddable":true,"href":"https:\/\/domus-tour.com\/de\/wp-json\/wp\/v2\/users\/2"}],"replies":[{"embeddable":true,"href":"https:\/\/domus-tour.com\/de\/wp-json\/wp\/v2\/comments?post=3299"}],"version-history":[{"count":1,"href":"https:\/\/domus-tour.com\/de\/wp-json\/wp\/v2\/pages\/3299\/revisions"}],"predecessor-version":[{"id":3301,"href":"https:\/\/domus-tour.com\/de\/wp-json\/wp\/v2\/pages\/3299\/revisions\/3301"}],"wp:featuredmedia":[{"embeddable":true,"href":"https:\/\/domus-tour.com\/de\/wp-json\/wp\/v2\/media\/3286"}],"wp:attachment":[{"href":"https:\/\/domus-tour.com\/de\/wp-json\/wp\/v2\/media?parent=3299"}],"curies":[{"name":"wp","href":"https:\/\/api.w.org\/{rel}","templated":true}]}}